{"id":13,"date":"2020-03-24T18:19:02","date_gmt":"2020-03-24T18:19:02","guid":{"rendered":"https:\/\/doctorcarlosramos.com\/wordpress\/?page_id=13"},"modified":"2025-08-01T04:51:52","modified_gmt":"2025-08-01T04:51:52","slug":"inicio","status":"publish","type":"page","link":"https:\/\/elcirujanodelasbarbies.com\/","title":{"rendered":"Inicio"},"content":{"rendered":"\t\t<div data-elementor-type=\"wp-page\" data-elementor-id=\"13\" class=\"elementor elementor-13\">\n\t\t\t\t\t\t<div class=\"elementor-section elementor-top-section elementor-element elementor-element-1712cee elementor-section-stretched elementor-section-full_width elementor-section-height-min-height elementor-section-content-middle wrapper-home elementor-section-height-default elementor-section-items-middle\" data-id=\"1712cee\" data-element_type=\"section\" data-settings=\"{&quot;stretch_section&quot;:&quot;section-stretched&quot;,&quot;background_background&quot;:&quot;classic&quot;,&quot;animation&quot;:&quot;none&quot;}\">\n\t\t\t\t\t\t\t<div class=\"elementor-background-overlay\"><\/div>\n\t\t\t\t\t\t\t<div class=\"elementor-container elementor-column-gap-no\">\n\t\t\t\t\t<div class=\"elementor-column elementor-col-100 elementor-top-column elementor-element elementor-element-9f32b04\" data-id=\"9f32b04\" data-element_type=\"column\">\n\t\t\t<div class=\"elementor-widget-wrap\">\n\t\t\t\t\t\t\t<\/div>\n\t\t<\/div>\n\t\t\t\t\t<\/div>\n\t\t<\/div>\n\t\t\t\t<section class=\"elementor-section elementor-top-section elementor-element elementor-element-90c4d59 elementor-section-stretched elementor-section-full_width elementor-section-height-default elementor-section-height-default\" data-id=\"90c4d59\" data-element_type=\"section\" data-settings=\"{&quot;stretch_section&quot;:&quot;section-stretched&quot;,&quot;background_background&quot;:&quot;classic&quot;}\">\n\t\t\t\t\t\t<div class=\"elementor-container elementor-column-gap-default\">\n\t\t\t\t\t<div class=\"elementor-column elementor-col-100 elementor-top-column elementor-element elementor-element-41c268d\" data-id=\"41c268d\" data-element_type=\"column\">\n\t\t\t<div class=\"elementor-widget-wrap elementor-element-populated\">\n\t\t\t\t\t\t<div class=\"elementor-element elementor-element-6fd127a elementor-widget elementor-widget-heading\" data-id=\"6fd127a\" data-element_type=\"widget\" id=\"services\" data-widget_type=\"heading.default\">\n\t\t\t\t<div class=\"elementor-widget-container\">\n\t\t\t\t\t<h1 class=\"elementor-heading-title elementor-size-medium\">Servicios<\/h1>\t\t\t\t<\/div>\n\t\t\t\t<\/div>\n\t\t\t\t\t<\/div>\n\t\t<\/div>\n\t\t\t\t\t<\/div>\n\t\t<\/section>\n\t\t\t\t<section class=\"elementor-section elementor-top-section elementor-element elementor-element-04ce578 elementor-section-stretched elementor-section-full_width elementor-section-height-min-height elementor-section-height-default elementor-section-items-middle\" data-id=\"04ce578\" data-element_type=\"section\" data-settings=\"{&quot;stretch_section&quot;:&quot;section-stretched&quot;,&quot;background_background&quot;:&quot;classic&quot;}\">\n\t\t\t\t\t\t<div class=\"elementor-container elementor-column-gap-default\">\n\t\t\t\t\t<div class=\"elementor-column elementor-col-100 elementor-top-column elementor-element elementor-element-2b04706\" data-id=\"2b04706\" data-element_type=\"column\">\n\t\t\t<div class=\"elementor-widget-wrap elementor-element-populated\">\n\t\t\t\t\t\t<section class=\"elementor-section elementor-inner-section elementor-element elementor-element-f139abc elementor-section-full_width elementor-section-height-min-height elementor-section-height-default\" data-id=\"f139abc\" data-element_type=\"section\">\n\t\t\t\t\t\t<div class=\"elementor-container elementor-column-gap-wide\">\n\t\t\t\t\t<div class=\"elementor-column elementor-col-33 elementor-inner-column elementor-element elementor-element-5ca0515\" data-id=\"5ca0515\" data-element_type=\"column\" data-settings=\"{&quot;background_background&quot;:&quot;slideshow&quot;,&quot;background_slideshow_gallery&quot;:[],&quot;background_slideshow_loop&quot;:&quot;yes&quot;,&quot;background_slideshow_slide_duration&quot;:5000,&quot;background_slideshow_slide_transition&quot;:&quot;fade&quot;,&quot;background_slideshow_transition_duration&quot;:500}\">\n\t\t\t<div class=\"elementor-widget-wrap elementor-element-populated\">\n\t\t\t\t\t\t<div class=\"elementor-element elementor-element-33d0f11 elementor-widget elementor-widget-text-editor\" data-id=\"33d0f11\" data-element_type=\"widget\" data-widget_type=\"text-editor.default\">\n\t\t\t\t<div class=\"elementor-widget-container\">\n\t\t\t\t\t\t\t\t\t<div class=\"service\">\n\n<img fetchpriority=\"high\" decoding=\"async\" class=\"aligncenter wp-image-372 size-full\" src=\"https:\/\/elcirujanodelasbarbies.com\/wp-content\/uploads\/2020\/03\/7.jpg\" alt=\"\" width=\"1000\" height=\"750\" srcset=\"https:\/\/elcirujanodelasbarbies.com\/wp-content\/uploads\/2020\/03\/7.jpg 1000w, https:\/\/elcirujanodelasbarbies.com\/wp-content\/uploads\/2020\/03\/7-300x225.jpg 300w, https:\/\/elcirujanodelasbarbies.com\/wp-content\/uploads\/2020\/03\/7-768x576.jpg 768w\" sizes=\"(max-width: 1000px) 100vw, 1000px\" \/>\n<div class=\"service-title\">\n<h3 class=\"title-service\">Pexia Mamaria<\/h3>\n<button class=\"button eModal-1\">VER M\u00c1S<\/button>\n\n<\/div>\n<\/div>\t\t\t\t\t\t\t\t<\/div>\n\t\t\t\t<\/div>\n\t\t\t\t\t<\/div>\n\t\t<\/div>\n\t\t\t\t<div class=\"elementor-column elementor-col-33 elementor-inner-column elementor-element elementor-element-621daef\" data-id=\"621daef\" data-element_type=\"column\">\n\t\t\t<div class=\"elementor-widget-wrap elementor-element-populated\">\n\t\t\t\t\t\t<div class=\"elementor-element elementor-element-f3f9a80 elementor-widget elementor-widget-text-editor\" data-id=\"f3f9a80\" data-element_type=\"widget\" data-widget_type=\"text-editor.default\">\n\t\t\t\t<div class=\"elementor-widget-container\">\n\t\t\t\t\t\t\t\t\t<div class=\"service\">\n\n<img decoding=\"async\" class=\"aligncenter wp-image-223 size-full\" src=\"https:\/\/elcirujanodelasbarbies.com\/wp-content\/uploads\/2020\/03\/6.jpg\" alt=\"\" width=\"1000\" height=\"750\" srcset=\"https:\/\/elcirujanodelasbarbies.com\/wp-content\/uploads\/2020\/03\/6.jpg 1000w, https:\/\/elcirujanodelasbarbies.com\/wp-content\/uploads\/2020\/03\/6-300x225.jpg 300w, https:\/\/elcirujanodelasbarbies.com\/wp-content\/uploads\/2020\/03\/6-768x576.jpg 768w\" sizes=\"(max-width: 1000px) 100vw, 1000px\" \/>\n<div class=\"service-title\">\n<h3 class=\"title-service\">Rinoplastia<\/h3>\n<button class=\"button eModal-2\">VER M\u00c1S<\/button>\n\n<\/div>\n<\/div>\t\t\t\t\t\t\t\t<\/div>\n\t\t\t\t<\/div>\n\t\t\t\t\t<\/div>\n\t\t<\/div>\n\t\t\t\t<div class=\"elementor-column elementor-col-33 elementor-inner-column elementor-element elementor-element-8b8f644\" data-id=\"8b8f644\" data-element_type=\"column\">\n\t\t\t<div class=\"elementor-widget-wrap elementor-element-populated\">\n\t\t\t\t\t\t<div class=\"elementor-element elementor-element-e1860c1 elementor-widget elementor-widget-text-editor\" data-id=\"e1860c1\" data-element_type=\"widget\" data-widget_type=\"text-editor.default\">\n\t\t\t\t<div class=\"elementor-widget-container\">\n\t\t\t\t\t\t\t\t\t<div class=\"service\">\n\n<img decoding=\"async\" class=\"aligncenter wp-image-226 size-full\" src=\"https:\/\/elcirujanodelasbarbies.com\/wp-content\/uploads\/2020\/03\/5.jpg\" alt=\"\" width=\"1000\" height=\"750\" srcset=\"https:\/\/elcirujanodelasbarbies.com\/wp-content\/uploads\/2020\/03\/5.jpg 1000w, https:\/\/elcirujanodelasbarbies.com\/wp-content\/uploads\/2020\/03\/5-300x225.jpg 300w, https:\/\/elcirujanodelasbarbies.com\/wp-content\/uploads\/2020\/03\/5-768x576.jpg 768w\" sizes=\"(max-width: 1000px) 100vw, 1000px\" \/>\n<div class=\"service-title\">\n<h3 class=\"title-service\">Mamoplastia<\/h3>\n<button class=\"button eModal-3\">VER M\u00c1S<\/button>\n\n<\/div>\n<\/div>\t\t\t\t\t\t\t\t<\/div>\n\t\t\t\t<\/div>\n\t\t\t\t\t<\/div>\n\t\t<\/div>\n\t\t\t\t\t<\/div>\n\t\t<\/section>\n\t\t\t\t<section class=\"elementor-section elementor-inner-section elementor-element elementor-element-9a46fc5 elementor-section-full_width elementor-section-height-min-height elementor-section-height-default\" data-id=\"9a46fc5\" data-element_type=\"section\">\n\t\t\t\t\t\t<div class=\"elementor-container elementor-column-gap-wide\">\n\t\t\t\t\t<div class=\"elementor-column elementor-col-33 elementor-inner-column elementor-element elementor-element-b24ed22\" data-id=\"b24ed22\" data-element_type=\"column\">\n\t\t\t<div class=\"elementor-widget-wrap elementor-element-populated\">\n\t\t\t\t\t\t<div class=\"elementor-element elementor-element-08653a2 elementor-widget elementor-widget-text-editor\" data-id=\"08653a2\" data-element_type=\"widget\" data-widget_type=\"text-editor.default\">\n\t\t\t\t<div class=\"elementor-widget-container\">\n\t\t\t\t\t\t\t\t\t<div class=\"service\">\n\n<img loading=\"lazy\" decoding=\"async\" class=\"aligncenter wp-image-237 size-full\" src=\"https:\/\/elcirujanodelasbarbies.com\/wp-content\/uploads\/2020\/03\/4.jpg\" alt=\"\" width=\"1000\" height=\"750\" srcset=\"https:\/\/elcirujanodelasbarbies.com\/wp-content\/uploads\/2020\/03\/4.jpg 1000w, https:\/\/elcirujanodelasbarbies.com\/wp-content\/uploads\/2020\/03\/4-300x225.jpg 300w, https:\/\/elcirujanodelasbarbies.com\/wp-content\/uploads\/2020\/03\/4-768x576.jpg 768w\" sizes=\"(max-width: 1000px) 100vw, 1000px\" \/>\n<div class=\"service-title\">\n<h3 class=\"title-service\">Liposucci\u00f3n<\/h3>\n<button class=\"button eModal-4\">VER M\u00c1S<\/button>\n\n<\/div>\n<\/div>\t\t\t\t\t\t\t\t<\/div>\n\t\t\t\t<\/div>\n\t\t\t\t\t<\/div>\n\t\t<\/div>\n\t\t\t\t<div class=\"elementor-column elementor-col-33 elementor-inner-column elementor-element elementor-element-1f52a95\" data-id=\"1f52a95\" data-element_type=\"column\">\n\t\t\t<div class=\"elementor-widget-wrap elementor-element-populated\">\n\t\t\t\t\t\t<div class=\"elementor-element elementor-element-1b60b36 elementor-widget elementor-widget-text-editor\" data-id=\"1b60b36\" data-element_type=\"widget\" data-widget_type=\"text-editor.default\">\n\t\t\t\t<div class=\"elementor-widget-container\">\n\t\t\t\t\t\t\t\t\t<div class=\"service\">\n\n<img loading=\"lazy\" decoding=\"async\" class=\"aligncenter wp-image-242 size-full\" src=\"https:\/\/elcirujanodelasbarbies.com\/wp-content\/uploads\/2020\/03\/3.jpg\" alt=\"\" width=\"1000\" height=\"750\" srcset=\"https:\/\/elcirujanodelasbarbies.com\/wp-content\/uploads\/2020\/03\/3.jpg 1000w, https:\/\/elcirujanodelasbarbies.com\/wp-content\/uploads\/2020\/03\/3-300x225.jpg 300w, https:\/\/elcirujanodelasbarbies.com\/wp-content\/uploads\/2020\/03\/3-768x576.jpg 768w\" sizes=\"(max-width: 1000px) 100vw, 1000px\" \/>\n<div class=\"service-title\">\n<h3 class=\"title-service\">Lipoinyecci\u00f3n gl\u00fatea<\/h3>\n<button class=\"button eModal-5\">VER M\u00c1S<\/button>\n\n<\/div>\n<\/div>\t\t\t\t\t\t\t\t<\/div>\n\t\t\t\t<\/div>\n\t\t\t\t\t<\/div>\n\t\t<\/div>\n\t\t\t\t<div class=\"elementor-column elementor-col-33 elementor-inner-column elementor-element elementor-element-1083887\" data-id=\"1083887\" data-element_type=\"column\">\n\t\t\t<div class=\"elementor-widget-wrap elementor-element-populated\">\n\t\t\t\t\t\t<div class=\"elementor-element elementor-element-0cf4949 elementor-widget elementor-widget-text-editor\" data-id=\"0cf4949\" data-element_type=\"widget\" data-widget_type=\"text-editor.default\">\n\t\t\t\t<div class=\"elementor-widget-container\">\n\t\t\t\t\t\t\t\t\t<div class=\"service\">\n\n<img loading=\"lazy\" decoding=\"async\" class=\"aligncenter wp-image-244 size-full\" src=\"https:\/\/elcirujanodelasbarbies.com\/wp-content\/uploads\/2020\/03\/1.jpg\" alt=\"\" width=\"1000\" height=\"750\" srcset=\"https:\/\/elcirujanodelasbarbies.com\/wp-content\/uploads\/2020\/03\/1.jpg 1000w, https:\/\/elcirujanodelasbarbies.com\/wp-content\/uploads\/2020\/03\/1-300x225.jpg 300w, https:\/\/elcirujanodelasbarbies.com\/wp-content\/uploads\/2020\/03\/1-768x576.jpg 768w\" sizes=\"(max-width: 1000px) 100vw, 1000px\" \/>\n<div class=\"service-title\">\n<h3 class=\"title-service\">Lipoabdominoplastia<\/h3>\n<button class=\"button eModal-6\">VER M\u00c1S<\/button>\n\n<\/div>\n<\/div>\t\t\t\t\t\t\t\t<\/div>\n\t\t\t\t<\/div>\n\t\t\t\t\t<\/div>\n\t\t<\/div>\n\t\t\t\t\t<\/div>\n\t\t<\/section>\n\t\t\t\t\t<\/div>\n\t\t<\/div>\n\t\t\t\t\t<\/div>\n\t\t<\/section>\n\t\t\t\t<section class=\"elementor-section elementor-top-section elementor-element elementor-element-82b079c elementor-section-stretched elementor-section-full_width elementor-section-height-min-height elementor-section-items-top elementor-section-content-middle elementor-section-height-default\" data-id=\"82b079c\" data-element_type=\"section\" id=\"biography\" data-settings=\"{&quot;stretch_section&quot;:&quot;section-stretched&quot;,&quot;background_background&quot;:&quot;classic&quot;}\">\n\t\t\t\t\t\t<div class=\"elementor-container elementor-column-gap-narrow\">\n\t\t\t\t\t<div class=\"elementor-column elementor-col-100 elementor-top-column elementor-element elementor-element-c84a949\" data-id=\"c84a949\" data-element_type=\"column\">\n\t\t\t<div class=\"elementor-widget-wrap elementor-element-populated\">\n\t\t\t\t\t\t<section class=\"elementor-section elementor-inner-section elementor-element elementor-element-eee90c9 elementor-section-full_width elementor-section-height-min-height elementor-section-height-default\" data-id=\"eee90c9\" data-element_type=\"section\">\n\t\t\t\t\t\t<div class=\"elementor-container elementor-column-gap-wide\">\n\t\t\t\t\t<div class=\"elementor-column elementor-col-50 elementor-inner-column elementor-element elementor-element-aba1a64 elementor-hidden-phone\" data-id=\"aba1a64\" data-element_type=\"column\">\n\t\t\t<div class=\"elementor-widget-wrap\">\n\t\t\t\t\t\t\t<\/div>\n\t\t<\/div>\n\t\t\t\t<div class=\"elementor-column elementor-col-50 elementor-inner-column elementor-element elementor-element-6102c4f\" data-id=\"6102c4f\" data-element_type=\"column\">\n\t\t\t<div class=\"elementor-widget-wrap elementor-element-populated\">\n\t\t\t\t\t\t<div class=\"elementor-element elementor-element-738b321 elementor-widget elementor-widget-text-editor\" data-id=\"738b321\" data-element_type=\"widget\" data-widget_type=\"text-editor.default\">\n\t\t\t\t<div class=\"elementor-widget-container\">\n\t\t\t\t\t\t\t\t\t<div class=\"biography\">\n<h3 class=\"biography-title\">Dr. Carlos Ramos<\/h3>\n<p style=\"text-align: left;\">Dr Carlos Ramos Corena y su Equipo Quir\u00fargico, es uno de los m\u00e1s reconocidos no solo en Colombiano solo en Colombia, sino en el mundo entero, por sus manos han pasado miles de mujeres, que gracias a su talento y don maravilloso les ha devuelto la autoestima y amor propio, transformandoles sus cuerpos en unas verdaderas Barbies.<\/p>\n<p style=\"text-align: left;\">Es el amor y pasi\u00f3n por lo que hace, lo que lo ha llevado a ser tan excelente en su profesi\u00f3n , a tener los resultados divinos con sus pacientes y a posicionarse como uno de los mejores.<\/p>\n\n<\/div>\t\t\t\t\t\t\t\t<\/div>\n\t\t\t\t<\/div>\n\t\t\t\t\t<\/div>\n\t\t<\/div>\n\t\t\t\t\t<\/div>\n\t\t<\/section>\n\t\t\t\t\t<\/div>\n\t\t<\/div>\n\t\t\t\t\t<\/div>\n\t\t<\/section>\n\t\t\t\t<section class=\"elementor-section elementor-top-section elementor-element elementor-element-78a548e elementor-section-stretched elementor-section-full_width elementor-section-height-min-height elementor-section-height-default elementor-section-items-middle\" data-id=\"78a548e\" data-element_type=\"section\" id=\"schedule\" data-settings=\"{&quot;stretch_section&quot;:&quot;section-stretched&quot;,&quot;background_background&quot;:&quot;classic&quot;}\">\n\t\t\t\t\t\t<div class=\"elementor-container elementor-column-gap-default\">\n\t\t\t\t\t<div class=\"elementor-column elementor-col-100 elementor-top-column elementor-element elementor-element-c6a1f66\" data-id=\"c6a1f66\" data-element_type=\"column\">\n\t\t\t<div class=\"elementor-widget-wrap elementor-element-populated\">\n\t\t\t\t\t\t<section class=\"elementor-section elementor-inner-section elementor-element elementor-element-26362ec elementor-section-full_width elementor-section-height-min-height elementor-section-height-default\" data-id=\"26362ec\" data-element_type=\"section\">\n\t\t\t\t\t\t<div class=\"elementor-container elementor-column-gap-extended\">\n\t\t\t\t\t<div class=\"elementor-column elementor-col-50 elementor-inner-column elementor-element elementor-element-5cc2950\" data-id=\"5cc2950\" data-element_type=\"column\">\n\t\t\t<div class=\"elementor-widget-wrap elementor-element-populated\">\n\t\t\t\t\t\t<div class=\"elementor-element elementor-element-d91948f elementor-widget elementor-widget-text-editor\" data-id=\"d91948f\" data-element_type=\"widget\" data-widget_type=\"text-editor.default\">\n\t\t\t\t<div class=\"elementor-widget-container\">\n\t\t\t\t\t\t\t\t\t<audio class=\"audio-for-speech\"><\/audio>\n<div class=\"translate-tooltip-mtz translator-hidden\">\n<div class=\"header\">\n<div class=\"header-controls\">Translator<\/div>\n<div class=\"header-controls\"><\/div>\n<div class=\"header-controls\"><\/div>\n<\/div>\n<div class=\"translated-text\">\n<div class=\"words\"><\/div>\n<div class=\"sentences\"><\/div>\n<\/div>\n<\/div>\n<div class=\"schedule\">\n<h2 class=\"schedule-title\">Agenda tu consulta<\/h2>\n<p class=\"schedule-subtitle\">Puedes solicitar tu consulta online o presencial<\/p>\n<a href=\"https:\/\/elcirujanodelasbarbies.com\/web\/#\/login\">\n<button class=\"button-appointment icon-appointment\">Solicitar cita <\/button>\n<\/a>\n<p class=\"schedule-subtitle top\">Descarga nuestra App M\u00f3vil y podr\u00e1s solicitar consultas Online o presencial desde la comodidad de tu tel\u00e9fono.<\/p>\n<p class=\"schedule-subtitle top\"><a href=\"https:\/\/apps.apple.com\/us\/app\/el-cirujano-de-las-barbies\/id1506940441\" target=\"_blank\" rel=\"noopener\"><img loading=\"lazy\" decoding=\"async\" class=\"wp-image-321 alignnone\" src=\"https:\/\/elcirujanodelasbarbies.com\/wp-content\/uploads\/2020\/03\/Recurso-13.png\" alt=\"\" width=\"160\" height=\"46\" \/><\/a><a href=\"https:\/\/play.google.com\/store\/apps\/details?id=com.limonbyte.drcarlosramos&amp;hl=es-419\" target=\"_blank\" rel=\"noopener\"><img loading=\"lazy\" decoding=\"async\" class=\"wp-image-320 alignnone\" src=\"https:\/\/elcirujanodelasbarbies.com\/wp-content\/uploads\/2020\/03\/Recurso-12.png\" alt=\"\" width=\"160\" height=\"46\" \/><\/a><\/p>\n\n<\/div>\t\t\t\t\t\t\t\t<\/div>\n\t\t\t\t<\/div>\n\t\t\t\t\t<\/div>\n\t\t<\/div>\n\t\t\t\t<div class=\"elementor-column elementor-col-50 elementor-inner-column elementor-element elementor-element-fe0f4ed elementor-hidden-phone fullwrap\" data-id=\"fe0f4ed\" data-element_type=\"column\">\n\t\t\t<div class=\"elementor-widget-wrap elementor-element-populated\">\n\t\t\t\t\t\t<div class=\"elementor-element elementor-element-96d433a elementor-widget elementor-widget-image\" data-id=\"96d433a\" data-element_type=\"widget\" data-widget_type=\"image.default\">\n\t\t\t\t<div class=\"elementor-widget-container\">\n\t\t\t\t\t\t\t\t\t\t\t\t\t\t\t<img loading=\"lazy\" decoding=\"async\" width=\"547\" height=\"750\" src=\"https:\/\/elcirujanodelasbarbies.com\/wp-content\/uploads\/2020\/03\/phone.png\" class=\"attachment-full size-full wp-image-92\" alt=\"\" srcset=\"https:\/\/elcirujanodelasbarbies.com\/wp-content\/uploads\/2020\/03\/phone.png 547w, https:\/\/elcirujanodelasbarbies.com\/wp-content\/uploads\/2020\/03\/phone-219x300.png 219w\" sizes=\"(max-width: 547px) 100vw, 547px\" \/>\t\t\t\t\t\t\t\t\t\t\t\t\t\t\t<\/div>\n\t\t\t\t<\/div>\n\t\t\t\t\t<\/div>\n\t\t<\/div>\n\t\t\t\t\t<\/div>\n\t\t<\/section>\n\t\t\t\t\t<\/div>\n\t\t<\/div>\n\t\t\t\t\t<\/div>\n\t\t<\/section>\n\t\t\t\t<section class=\"elementor-section elementor-top-section elementor-element elementor-element-7510949 elementor-section-stretched elementor-section-full_width elementor-section-height-min-height elementor-section-height-default elementor-section-items-middle\" data-id=\"7510949\" data-element_type=\"section\" id=\"contact\" data-settings=\"{&quot;stretch_section&quot;:&quot;section-stretched&quot;,&quot;background_background&quot;:&quot;classic&quot;}\">\n\t\t\t\t\t\t<div class=\"elementor-container elementor-column-gap-no\">\n\t\t\t\t\t<div class=\"elementor-column elementor-col-100 elementor-top-column elementor-element elementor-element-d1c0561\" data-id=\"d1c0561\" data-element_type=\"column\">\n\t\t\t<div class=\"elementor-widget-wrap elementor-element-populated\">\n\t\t\t\t\t\t<section class=\"elementor-section elementor-inner-section elementor-element elementor-element-3a2136f elementor-section-full_width elementor-section-height-min-height elementor-section-height-default\" data-id=\"3a2136f\" data-element_type=\"section\">\n\t\t\t\t\t\t<div class=\"elementor-container elementor-column-gap-no\">\n\t\t\t\t\t<div class=\"elementor-column elementor-col-50 elementor-inner-column elementor-element elementor-element-396ed6d\" data-id=\"396ed6d\" data-element_type=\"column\">\n\t\t\t<div class=\"elementor-widget-wrap elementor-element-populated\">\n\t\t\t\t\t\t<div class=\"elementor-element elementor-element-5dc2fa1 elementor-widget elementor-widget-text-editor\" data-id=\"5dc2fa1\" data-element_type=\"widget\" data-widget_type=\"text-editor.default\">\n\t\t\t\t<div class=\"elementor-widget-container\">\n\t\t\t\t\t\t\t\t\t<div class=\"info-title\">\n<h2>SI\u00c9NTETE BELLA<\/h2>\n<\/div>\n<div class=\"info-mail\">\n<p>Estar\u00e1s en las <strong>mejores manos. \u00a1Agenda<\/strong> tu cita presencial y Online <strong>hoy!<\/strong><\/p>\n<\/div>\t\t\t\t\t\t\t\t<\/div>\n\t\t\t\t<\/div>\n\t\t\t\t\t<\/div>\n\t\t<\/div>\n\t\t\t\t<div class=\"elementor-column elementor-col-50 elementor-inner-column elementor-element elementor-element-69caa87 elementor-hidden-tablet elementor-hidden-phone\" data-id=\"69caa87\" data-element_type=\"column\">\n\t\t\t<div class=\"elementor-widget-wrap\">\n\t\t\t\t\t\t\t<\/div>\n\t\t<\/div>\n\t\t\t\t\t<\/div>\n\t\t<\/section>\n\t\t\t\t\t<\/div>\n\t\t<\/div>\n\t\t\t\t\t<\/div>\n\t\t<\/section>\n\t\t\t\t<\/div>\n\t\t","protected":false},"excerpt":{"rendered":"<p>Servicios Pexia Mamaria VER M\u00c1S Rinoplastia VER M\u00c1S Mamoplastia VER M\u00c1S Liposucci\u00f3n VER M\u00c1S Lipoinyecci\u00f3n gl\u00fatea VER M\u00c1S Lipoabdominoplastia VER M\u00c1S Dr. Carlos Ramos Dr Carlos Ramos Corena y su Equipo Quir\u00fargico, es uno de los m\u00e1s reconocidos no solo en Colombiano solo en Colombia, sino en el mundo entero, por sus manos han pasado &#8230; <a title=\"Inicio\" class=\"read-more\" href=\"https:\/\/elcirujanodelasbarbies.com\/\" aria-label=\"Leer m\u00e1s sobre Inicio\">Leer m\u00e1s<\/a><\/p>\n","protected":false},"author":1,"featured_media":0,"parent":0,"menu_order":0,"comment_status":"closed","ping_status":"closed","template":"elementor_header_footer","meta":{"footnotes":""},"class_list":["post-13","page","type-page","status-publish"],"_links":{"self":[{"href":"https:\/\/elcirujanodelasbarbies.com\/index.php?rest_route=\/wp\/v2\/pages\/13","targetHints":{"allow":["GET"]}}],"collection":[{"href":"https:\/\/elcirujanodelasbarbies.com\/index.php?rest_route=\/wp\/v2\/pages"}],"about":[{"href":"https:\/\/elcirujanodelasbarbies.com\/index.php?rest_route=\/wp\/v2\/types\/page"}],"author":[{"embeddable":true,"href":"https:\/\/elcirujanodelasbarbies.com\/index.php?rest_route=\/wp\/v2\/users\/1"}],"replies":[{"embeddable":true,"href":"https:\/\/elcirujanodelasbarbies.com\/index.php?rest_route=%2Fwp%2Fv2%2Fcomments&post=13"}],"version-history":[{"count":207,"href":"https:\/\/elcirujanodelasbarbies.com\/index.php?rest_route=\/wp\/v2\/pages\/13\/revisions"}],"predecessor-version":[{"id":9137,"href":"https:\/\/elcirujanodelasbarbies.com\/index.php?rest_route=\/wp\/v2\/pages\/13\/revisions\/9137"}],"wp:attachment":[{"href":"https:\/\/elcirujanodelasbarbies.com\/index.php?rest_route=%2Fwp%2Fv2%2Fmedia&parent=13"}],"curies":[{"name":"wp","href":"https:\/\/api.w.org\/{rel}","templated":true}]}}